{"id":3852,"date":"2018-07-27T14:43:48","date_gmt":"2018-07-27T14:43:48","guid":{"rendered":"https:\/\/regal.se\/cookies\/"},"modified":"2024-12-30T08:04:18","modified_gmt":"2024-12-30T08:04:18","slug":"cookies","status":"publish","type":"page","link":"https:\/\/regal.se\/sv\/cookies\/","title":{"rendered":"Om cookies"},"content":{"rendered":"","protected":false},"excerpt":{"rendered":"","protected":false},"author":1,"featured_media":0,"parent":0,"menu_order":6,"comment_status":"closed","ping_status":"closed","template":"","meta":{"_acf_changed":false,"footnotes":""},"class_list":["post-3852","page","type-page","status-publish","hentry"],"acf":[],"yoast_head":"<!-- This site is optimized with the Yoast SEO plugin v27.2 - https:\/\/yoast.com\/product\/yoast-seo-wordpress\/ -->\n<title>Om cookies | Regal<\/title>\n<meta name=\"description\" content=\"Kakor (eller Cookies) \u00e4r sm\u00e5 textfiler som kan anv\u00e4ndas av hemsidor f\u00f6r att g\u00f6ra anv\u00e4ndarupplevelsen mer effektiv. L\u00e4s mer.\" \/>\n<meta name=\"robots\" content=\"index, follow, max-snippet:-1, max-image-preview:large, max-video-preview:-1\" \/>\n<link rel=\"canonical\" href=\"https:\/\/regal.se\/sv\/cookies\/\" \/>\n<meta property=\"og:locale\" content=\"sv_SE\" \/>\n<meta property=\"og:type\" content=\"article\" \/>\n<meta property=\"og:title\" content=\"Om cookies | Regal\" \/>\n<meta property=\"og:description\" content=\"Kakor (eller Cookies) \u00e4r sm\u00e5 textfiler som kan anv\u00e4ndas av hemsidor f\u00f6r att g\u00f6ra anv\u00e4ndarupplevelsen mer effektiv. L\u00e4s mer.\" \/>\n<meta property=\"og:url\" content=\"https:\/\/regal.se\/sv\/cookies\/\" \/>\n<meta property=\"og:site_name\" content=\"Regal\" \/>\n<meta property=\"article:publisher\" content=\"https:\/\/www.facebook.com\/regalcompab\" \/>\n<meta property=\"article:modified_time\" content=\"2024-12-30T08:04:18+00:00\" \/>\n<meta property=\"og:image\" content=\"https:\/\/regal.se\/wp-content\/uploads\/2025\/10\/regal-dark-blue-bg-1200x675px.webp\" \/>\n\t<meta property=\"og:image:width\" content=\"1200\" \/>\n\t<meta property=\"og:image:height\" content=\"675\" \/>\n\t<meta property=\"og:image:type\" content=\"image\/webp\" \/>\n<meta name=\"twitter:card\" content=\"summary_large_image\" \/>\n<script type=\"application\/ld+json\" class=\"yoast-schema-graph\">{\"@context\":\"https:\/\/schema.org\",\"@graph\":[{\"@type\":\"WebPage\",\"@id\":\"https:\/\/regal.se\/sv\/cookies\/\",\"url\":\"https:\/\/regal.se\/sv\/cookies\/\",\"name\":\"Om cookies | Regal\",\"isPartOf\":{\"@id\":\"https:\/\/regal.se\/sv\/#website\"},\"datePublished\":\"2018-07-27T14:43:48+00:00\",\"dateModified\":\"2024-12-30T08:04:18+00:00\",\"description\":\"Kakor (eller Cookies) \u00e4r sm\u00e5 textfiler som kan anv\u00e4ndas av hemsidor f\u00f6r att g\u00f6ra anv\u00e4ndarupplevelsen mer effektiv. L\u00e4s mer.\",\"breadcrumb\":{\"@id\":\"https:\/\/regal.se\/sv\/cookies\/#breadcrumb\"},\"inLanguage\":\"sv-SE\",\"potentialAction\":[{\"@type\":\"ReadAction\",\"target\":[\"https:\/\/regal.se\/sv\/cookies\/\"]}]},{\"@type\":\"BreadcrumbList\",\"@id\":\"https:\/\/regal.se\/sv\/cookies\/#breadcrumb\",\"itemListElement\":[{\"@type\":\"ListItem\",\"position\":1,\"name\":\"Home\",\"item\":\"https:\/\/regal.se\/sv\/\"},{\"@type\":\"ListItem\",\"position\":2,\"name\":\"Om cookies\"}]},{\"@type\":\"WebSite\",\"@id\":\"https:\/\/regal.se\/sv\/#website\",\"url\":\"https:\/\/regal.se\/sv\/\",\"name\":\"Regal\",\"description\":\"Sensors Solutions and Electric Drive Systems\",\"publisher\":{\"@id\":\"https:\/\/regal.se\/sv\/#organization\"},\"alternateName\":\"Regal\",\"potentialAction\":[{\"@type\":\"SearchAction\",\"target\":{\"@type\":\"EntryPoint\",\"urlTemplate\":\"https:\/\/regal.se\/sv\/?s={search_term_string}\"},\"query-input\":{\"@type\":\"PropertyValueSpecification\",\"valueRequired\":true,\"valueName\":\"search_term_string\"}}],\"inLanguage\":\"sv-SE\"},{\"@type\":\"Organization\",\"@id\":\"https:\/\/regal.se\/sv\/#organization\",\"name\":\"Regal Components AB\",\"alternateName\":\"Regal\",\"url\":\"https:\/\/regal.se\/sv\/\",\"logo\":{\"@type\":\"ImageObject\",\"inLanguage\":\"sv-SE\",\"@id\":\"https:\/\/regal.se\/sv\/#\/schema\/logo\/image\/\",\"url\":\"https:\/\/regal.se\/wp-content\/uploads\/2025\/10\/orginal-regal-no-box-color-rgb-696x696px.webp\",\"contentUrl\":\"https:\/\/regal.se\/wp-content\/uploads\/2025\/10\/orginal-regal-no-box-color-rgb-696x696px.webp\",\"width\":696,\"height\":696,\"caption\":\"Regal Components AB\"},\"image\":{\"@id\":\"https:\/\/regal.se\/sv\/#\/schema\/logo\/image\/\"},\"sameAs\":[\"https:\/\/www.facebook.com\/regalcompab\",\"https:\/\/www.linkedin.com\/company\/regal-components-ab\/\"]}]}<\/script>\n<!-- \/ Yoast SEO plugin. -->","yoast_head_json":{"title":"Om cookies | Regal","description":"Kakor (eller Cookies) \u00e4r sm\u00e5 textfiler som kan anv\u00e4ndas av hemsidor f\u00f6r att g\u00f6ra anv\u00e4ndarupplevelsen mer effektiv. L\u00e4s mer.","robots":{"index":"index","follow":"follow","max-snippet":"max-snippet:-1","max-image-preview":"max-image-preview:large","max-video-preview":"max-video-preview:-1"},"canonical":"https:\/\/regal.se\/sv\/cookies\/","og_locale":"sv_SE","og_type":"article","og_title":"Om cookies | Regal","og_description":"Kakor (eller Cookies) \u00e4r sm\u00e5 textfiler som kan anv\u00e4ndas av hemsidor f\u00f6r att g\u00f6ra anv\u00e4ndarupplevelsen mer effektiv. L\u00e4s mer.","og_url":"https:\/\/regal.se\/sv\/cookies\/","og_site_name":"Regal","article_publisher":"https:\/\/www.facebook.com\/regalcompab","article_modified_time":"2024-12-30T08:04:18+00:00","og_image":[{"width":1200,"height":675,"url":"https:\/\/regal.se\/wp-content\/uploads\/2025\/10\/regal-dark-blue-bg-1200x675px.webp","type":"image\/webp"}],"twitter_card":"summary_large_image","schema":{"@context":"https:\/\/schema.org","@graph":[{"@type":"WebPage","@id":"https:\/\/regal.se\/sv\/cookies\/","url":"https:\/\/regal.se\/sv\/cookies\/","name":"Om cookies | Regal","isPartOf":{"@id":"https:\/\/regal.se\/sv\/#website"},"datePublished":"2018-07-27T14:43:48+00:00","dateModified":"2024-12-30T08:04:18+00:00","description":"Kakor (eller Cookies) \u00e4r sm\u00e5 textfiler som kan anv\u00e4ndas av hemsidor f\u00f6r att g\u00f6ra anv\u00e4ndarupplevelsen mer effektiv. L\u00e4s mer.","breadcrumb":{"@id":"https:\/\/regal.se\/sv\/cookies\/#breadcrumb"},"inLanguage":"sv-SE","potentialAction":[{"@type":"ReadAction","target":["https:\/\/regal.se\/sv\/cookies\/"]}]},{"@type":"BreadcrumbList","@id":"https:\/\/regal.se\/sv\/cookies\/#breadcrumb","itemListElement":[{"@type":"ListItem","position":1,"name":"Home","item":"https:\/\/regal.se\/sv\/"},{"@type":"ListItem","position":2,"name":"Om cookies"}]},{"@type":"WebSite","@id":"https:\/\/regal.se\/sv\/#website","url":"https:\/\/regal.se\/sv\/","name":"Regal","description":"Sensors Solutions and Electric Drive Systems","publisher":{"@id":"https:\/\/regal.se\/sv\/#organization"},"alternateName":"Regal","potentialAction":[{"@type":"SearchAction","target":{"@type":"EntryPoint","urlTemplate":"https:\/\/regal.se\/sv\/?s={search_term_string}"},"query-input":{"@type":"PropertyValueSpecification","valueRequired":true,"valueName":"search_term_string"}}],"inLanguage":"sv-SE"},{"@type":"Organization","@id":"https:\/\/regal.se\/sv\/#organization","name":"Regal Components AB","alternateName":"Regal","url":"https:\/\/regal.se\/sv\/","logo":{"@type":"ImageObject","inLanguage":"sv-SE","@id":"https:\/\/regal.se\/sv\/#\/schema\/logo\/image\/","url":"https:\/\/regal.se\/wp-content\/uploads\/2025\/10\/orginal-regal-no-box-color-rgb-696x696px.webp","contentUrl":"https:\/\/regal.se\/wp-content\/uploads\/2025\/10\/orginal-regal-no-box-color-rgb-696x696px.webp","width":696,"height":696,"caption":"Regal Components AB"},"image":{"@id":"https:\/\/regal.se\/sv\/#\/schema\/logo\/image\/"},"sameAs":["https:\/\/www.facebook.com\/regalcompab","https:\/\/www.linkedin.com\/company\/regal-components-ab\/"]}]}},"_links":{"self":[{"href":"https:\/\/regal.se\/sv\/wp-json\/wp\/v2\/pages\/3852","targetHints":{"allow":["GET"]}}],"collection":[{"href":"https:\/\/regal.se\/sv\/wp-json\/wp\/v2\/pages"}],"about":[{"href":"https:\/\/regal.se\/sv\/wp-json\/wp\/v2\/types\/page"}],"author":[{"embeddable":true,"href":"https:\/\/regal.se\/sv\/wp-json\/wp\/v2\/users\/1"}],"replies":[{"embeddable":true,"href":"https:\/\/regal.se\/sv\/wp-json\/wp\/v2\/comments?post=3852"}],"version-history":[{"count":6,"href":"https:\/\/regal.se\/sv\/wp-json\/wp\/v2\/pages\/3852\/revisions"}],"predecessor-version":[{"id":13741,"href":"https:\/\/regal.se\/sv\/wp-json\/wp\/v2\/pages\/3852\/revisions\/13741"}],"wp:attachment":[{"href":"https:\/\/regal.se\/sv\/wp-json\/wp\/v2\/media?parent=3852"}],"curies":[{"name":"wp","href":"https:\/\/api.w.org\/{rel}","templated":true}]}}