{"id":18209,"date":"2026-03-09T15:47:57","date_gmt":"2026-03-09T15:47:57","guid":{"rendered":"https:\/\/regal.se\/?page_id=18209"},"modified":"2026-04-14T09:17:35","modified_gmt":"2026-04-14T09:17:35","slug":"tjanster-systemintegration","status":"publish","type":"page","link":"https:\/\/regal.se\/sv\/tjanster-systemintegration\/","title":{"rendered":"Tj\u00e4nster inom systemintegration"},"content":{"rendered":"<ul>\n<li>L\u00e5ng erfarenhet av elektrifiering av maskiner och systeml\u00f6sningar<\/li>\n<li>Djup kompetens inom komponenter, styrsystem och applikationer<\/li>\n<li>Kombination av r\u00e5dgivning, ingenj\u00f6rstj\u00e4nster och produkter<\/li>\n<li>M\u00f6jlighet att agera extern utvecklingsavdelning eller teknisk f\u00f6rst\u00e4rkning<\/li>\n<li>Helhetsansvar \u2013 fr\u00e5n f\u00f6rstudie till f\u00e4rdig maskin<\/li>\n<\/ul>\n<p>Med Regal frig\u00f6r ni tid till er k\u00e4rnverksamhet. Vi s\u00e4kerst\u00e4ller att tekniken fungerar, utvecklas och skapar l\u00e5ngsiktigt v\u00e4rde.<\/p>\n","protected":false},"excerpt":{"rendered":"<p>L\u00e5ng erfarenhet av elektrifiering av maskiner och systeml\u00f6sningar Djup kompetens inom komponenter, styrsystem och applikationer Kombination av r\u00e5dgivning, ingenj\u00f6rstj\u00e4nster och produkter M\u00f6jlighet att agera extern utvecklingsavdelning eller teknisk f\u00f6rst\u00e4rkning Helhetsansvar \u2013 fr\u00e5n f\u00f6rstudie till f\u00e4rdig maskin Med Regal frig\u00f6r ni tid till er k\u00e4rnverksamhet. Vi s\u00e4kerst\u00e4ller att tekniken fungerar, utvecklas och skapar l\u00e5ngsiktigt v\u00e4rde.<\/p>\n","protected":false},"author":18,"featured_media":0,"parent":0,"menu_order":0,"comment_status":"closed","ping_status":"closed","template":"","meta":{"_acf_changed":false,"footnotes":""},"class_list":["post-18209","page","type-page","status-publish","hentry"],"acf":[],"yoast_head":"<!-- This site is optimized with the Yoast SEO plugin v27.2 - https:\/\/yoast.com\/product\/yoast-seo-wordpress\/ -->\n<title>Tj\u00e4nster inom systemintegration | Regal<\/title>\n<meta name=\"description\" content=\"Tj\u00e4nster inom elektrifiering, styrsystem och systeml\u00f6sningar f\u00f6r OEM-maskintillverkare. Fr\u00e5n f\u00f6rstudie till f\u00e4rdig maskin.\" \/>\n<meta name=\"robots\" content=\"index, follow, max-video-preview:-1, noimageindex, noarchive, nosnippet\" \/>\n<link rel=\"canonical\" href=\"https:\/\/regal.se\/sv\/tjanster-systemintegration\/\" \/>\n<meta property=\"og:locale\" content=\"sv_SE\" \/>\n<meta property=\"og:type\" content=\"article\" \/>\n<meta property=\"og:title\" content=\"Tj\u00e4nster inom systemintegration | Regal\" \/>\n<meta property=\"og:description\" content=\"Tj\u00e4nster inom elektrifiering, styrsystem och systeml\u00f6sningar f\u00f6r OEM-maskintillverkare. Fr\u00e5n f\u00f6rstudie till f\u00e4rdig maskin.\" \/>\n<meta property=\"og:url\" content=\"https:\/\/regal.se\/sv\/tjanster-systemintegration\/\" \/>\n<meta property=\"og:site_name\" content=\"Regal\" \/>\n<meta property=\"article:publisher\" content=\"https:\/\/www.facebook.com\/regalcompab\" \/>\n<meta property=\"article:modified_time\" content=\"2026-04-14T09:17:35+00:00\" \/>\n<meta property=\"og:image\" content=\"https:\/\/regal.se\/wp-content\/uploads\/2025\/10\/regal-dark-blue-bg-1200x675px.webp\" \/>\n\t<meta property=\"og:image:width\" content=\"1200\" \/>\n\t<meta property=\"og:image:height\" content=\"675\" \/>\n\t<meta property=\"og:image:type\" content=\"image\/webp\" \/>\n<meta name=\"twitter:card\" content=\"summary_large_image\" \/>\n<script type=\"application\/ld+json\" class=\"yoast-schema-graph\">{\"@context\":\"https:\/\/schema.org\",\"@graph\":[{\"@type\":\"WebPage\",\"@id\":\"https:\/\/regal.se\/sv\/tjanster-systemintegration\/\",\"url\":\"https:\/\/regal.se\/sv\/tjanster-systemintegration\/\",\"name\":\"Tj\u00e4nster inom systemintegration | Regal\",\"isPartOf\":{\"@id\":\"https:\/\/regal.se\/sv\/#website\"},\"datePublished\":\"2026-03-09T15:47:57+00:00\",\"dateModified\":\"2026-04-14T09:17:35+00:00\",\"description\":\"Tj\u00e4nster inom elektrifiering, styrsystem och systeml\u00f6sningar f\u00f6r OEM-maskintillverkare. Fr\u00e5n f\u00f6rstudie till f\u00e4rdig maskin.\",\"breadcrumb\":{\"@id\":\"https:\/\/regal.se\/sv\/tjanster-systemintegration\/#breadcrumb\"},\"inLanguage\":\"sv-SE\",\"potentialAction\":[{\"@type\":\"ReadAction\",\"target\":[\"https:\/\/regal.se\/sv\/tjanster-systemintegration\/\"]}]},{\"@type\":\"BreadcrumbList\",\"@id\":\"https:\/\/regal.se\/sv\/tjanster-systemintegration\/#breadcrumb\",\"itemListElement\":[{\"@type\":\"ListItem\",\"position\":1,\"name\":\"Home\",\"item\":\"https:\/\/regal.se\/sv\/\"},{\"@type\":\"ListItem\",\"position\":2,\"name\":\"Tj\u00e4nster inom systemintegration\"}]},{\"@type\":\"WebSite\",\"@id\":\"https:\/\/regal.se\/sv\/#website\",\"url\":\"https:\/\/regal.se\/sv\/\",\"name\":\"Regal\",\"description\":\"Sensors Solutions and Electric Drive Systems\",\"publisher\":{\"@id\":\"https:\/\/regal.se\/sv\/#organization\"},\"alternateName\":\"Regal\",\"potentialAction\":[{\"@type\":\"SearchAction\",\"target\":{\"@type\":\"EntryPoint\",\"urlTemplate\":\"https:\/\/regal.se\/sv\/?s={search_term_string}\"},\"query-input\":{\"@type\":\"PropertyValueSpecification\",\"valueRequired\":true,\"valueName\":\"search_term_string\"}}],\"inLanguage\":\"sv-SE\"},{\"@type\":\"Organization\",\"@id\":\"https:\/\/regal.se\/sv\/#organization\",\"name\":\"Regal Components AB\",\"alternateName\":\"Regal\",\"url\":\"https:\/\/regal.se\/sv\/\",\"logo\":{\"@type\":\"ImageObject\",\"inLanguage\":\"sv-SE\",\"@id\":\"https:\/\/regal.se\/sv\/#\/schema\/logo\/image\/\",\"url\":\"https:\/\/regal.se\/wp-content\/uploads\/2025\/10\/orginal-regal-no-box-color-rgb-696x696px.webp\",\"contentUrl\":\"https:\/\/regal.se\/wp-content\/uploads\/2025\/10\/orginal-regal-no-box-color-rgb-696x696px.webp\",\"width\":696,\"height\":696,\"caption\":\"Regal Components AB\"},\"image\":{\"@id\":\"https:\/\/regal.se\/sv\/#\/schema\/logo\/image\/\"},\"sameAs\":[\"https:\/\/www.facebook.com\/regalcompab\",\"https:\/\/www.linkedin.com\/company\/regal-components-ab\/\"]}]}<\/script>\n<!-- \/ Yoast SEO plugin. -->","yoast_head_json":{"title":"Tj\u00e4nster inom systemintegration | Regal","description":"Tj\u00e4nster inom elektrifiering, styrsystem och systeml\u00f6sningar f\u00f6r OEM-maskintillverkare. Fr\u00e5n f\u00f6rstudie till f\u00e4rdig maskin.","robots":{"index":"index","follow":"follow","max-video-preview":"max-video-preview:-1","imageindex":"noimageindex","archive":"noarchive","snippet":"nosnippet"},"canonical":"https:\/\/regal.se\/sv\/tjanster-systemintegration\/","og_locale":"sv_SE","og_type":"article","og_title":"Tj\u00e4nster inom systemintegration | Regal","og_description":"Tj\u00e4nster inom elektrifiering, styrsystem och systeml\u00f6sningar f\u00f6r OEM-maskintillverkare. Fr\u00e5n f\u00f6rstudie till f\u00e4rdig maskin.","og_url":"https:\/\/regal.se\/sv\/tjanster-systemintegration\/","og_site_name":"Regal","article_publisher":"https:\/\/www.facebook.com\/regalcompab","article_modified_time":"2026-04-14T09:17:35+00:00","og_image":[{"width":1200,"height":675,"url":"https:\/\/regal.se\/wp-content\/uploads\/2025\/10\/regal-dark-blue-bg-1200x675px.webp","type":"image\/webp"}],"twitter_card":"summary_large_image","schema":{"@context":"https:\/\/schema.org","@graph":[{"@type":"WebPage","@id":"https:\/\/regal.se\/sv\/tjanster-systemintegration\/","url":"https:\/\/regal.se\/sv\/tjanster-systemintegration\/","name":"Tj\u00e4nster inom systemintegration | Regal","isPartOf":{"@id":"https:\/\/regal.se\/sv\/#website"},"datePublished":"2026-03-09T15:47:57+00:00","dateModified":"2026-04-14T09:17:35+00:00","description":"Tj\u00e4nster inom elektrifiering, styrsystem och systeml\u00f6sningar f\u00f6r OEM-maskintillverkare. Fr\u00e5n f\u00f6rstudie till f\u00e4rdig maskin.","breadcrumb":{"@id":"https:\/\/regal.se\/sv\/tjanster-systemintegration\/#breadcrumb"},"inLanguage":"sv-SE","potentialAction":[{"@type":"ReadAction","target":["https:\/\/regal.se\/sv\/tjanster-systemintegration\/"]}]},{"@type":"BreadcrumbList","@id":"https:\/\/regal.se\/sv\/tjanster-systemintegration\/#breadcrumb","itemListElement":[{"@type":"ListItem","position":1,"name":"Home","item":"https:\/\/regal.se\/sv\/"},{"@type":"ListItem","position":2,"name":"Tj\u00e4nster inom systemintegration"}]},{"@type":"WebSite","@id":"https:\/\/regal.se\/sv\/#website","url":"https:\/\/regal.se\/sv\/","name":"Regal","description":"Sensors Solutions and Electric Drive Systems","publisher":{"@id":"https:\/\/regal.se\/sv\/#organization"},"alternateName":"Regal","potentialAction":[{"@type":"SearchAction","target":{"@type":"EntryPoint","urlTemplate":"https:\/\/regal.se\/sv\/?s={search_term_string}"},"query-input":{"@type":"PropertyValueSpecification","valueRequired":true,"valueName":"search_term_string"}}],"inLanguage":"sv-SE"},{"@type":"Organization","@id":"https:\/\/regal.se\/sv\/#organization","name":"Regal Components AB","alternateName":"Regal","url":"https:\/\/regal.se\/sv\/","logo":{"@type":"ImageObject","inLanguage":"sv-SE","@id":"https:\/\/regal.se\/sv\/#\/schema\/logo\/image\/","url":"https:\/\/regal.se\/wp-content\/uploads\/2025\/10\/orginal-regal-no-box-color-rgb-696x696px.webp","contentUrl":"https:\/\/regal.se\/wp-content\/uploads\/2025\/10\/orginal-regal-no-box-color-rgb-696x696px.webp","width":696,"height":696,"caption":"Regal Components AB"},"image":{"@id":"https:\/\/regal.se\/sv\/#\/schema\/logo\/image\/"},"sameAs":["https:\/\/www.facebook.com\/regalcompab","https:\/\/www.linkedin.com\/company\/regal-components-ab\/"]}]}},"_links":{"self":[{"href":"https:\/\/regal.se\/sv\/wp-json\/wp\/v2\/pages\/18209","targetHints":{"allow":["GET"]}}],"collection":[{"href":"https:\/\/regal.se\/sv\/wp-json\/wp\/v2\/pages"}],"about":[{"href":"https:\/\/regal.se\/sv\/wp-json\/wp\/v2\/types\/page"}],"author":[{"embeddable":true,"href":"https:\/\/regal.se\/sv\/wp-json\/wp\/v2\/users\/18"}],"replies":[{"embeddable":true,"href":"https:\/\/regal.se\/sv\/wp-json\/wp\/v2\/comments?post=18209"}],"version-history":[{"count":20,"href":"https:\/\/regal.se\/sv\/wp-json\/wp\/v2\/pages\/18209\/revisions"}],"predecessor-version":[{"id":18965,"href":"https:\/\/regal.se\/sv\/wp-json\/wp\/v2\/pages\/18209\/revisions\/18965"}],"wp:attachment":[{"href":"https:\/\/regal.se\/sv\/wp-json\/wp\/v2\/media?parent=18209"}],"curies":[{"name":"wp","href":"https:\/\/api.w.org\/{rel}","templated":true}]}}