{"id":16434,"date":"2025-07-11T09:34:40","date_gmt":"2025-07-11T09:34:40","guid":{"rendered":"https:\/\/regal.se\/?page_id=16434"},"modified":"2026-01-16T08:32:00","modified_gmt":"2026-01-16T08:32:00","slug":"varumarken-engler","status":"publish","type":"page","link":"https:\/\/regal.se\/sv\/om-oss\/varumarken\/varumarken-engler\/","title":{"rendered":"Engler"},"content":{"rendered":"","protected":false},"excerpt":{"rendered":"","protected":false},"author":18,"featured_media":0,"parent":4535,"menu_order":0,"comment_status":"closed","ping_status":"closed","template":"","meta":{"_acf_changed":false,"footnotes":""},"class_list":["post-16434","page","type-page","status-publish","hentry"],"acf":[],"yoast_head":"<!-- This site is optimized with the Yoast SEO plugin v27.2 - https:\/\/yoast.com\/product\/yoast-seo-wordpress\/ -->\n<title>Engler | Regal<\/title>\n<meta name=\"description\" content=\"V\u00e5r partner Engler \u00e4r en komplett leverant\u00f6r av niv\u00e5- och temperaturgivare samt niv\u00e5vakter. L\u00e4s mer om Engler!\" \/>\n<meta name=\"robots\" content=\"index, follow, max-snippet:-1, max-image-preview:large, max-video-preview:-1\" \/>\n<link rel=\"canonical\" href=\"https:\/\/regal.se\/sv\/om-oss\/varumarken\/varumarken-engler\/\" \/>\n<meta property=\"og:locale\" content=\"sv_SE\" \/>\n<meta property=\"og:type\" content=\"article\" \/>\n<meta property=\"og:title\" content=\"Engler | Regal\" \/>\n<meta property=\"og:description\" content=\"V\u00e5r partner Engler \u00e4r en komplett leverant\u00f6r av niv\u00e5- och temperaturgivare samt niv\u00e5vakter. L\u00e4s mer om Engler!\" \/>\n<meta property=\"og:url\" content=\"https:\/\/regal.se\/sv\/om-oss\/varumarken\/varumarken-engler\/\" \/>\n<meta property=\"og:site_name\" content=\"Regal\" \/>\n<meta property=\"article:publisher\" content=\"https:\/\/www.facebook.com\/regalcompab\" \/>\n<meta property=\"article:modified_time\" content=\"2026-01-16T08:32:00+00:00\" \/>\n<meta property=\"og:image\" content=\"https:\/\/regal.se\/wp-content\/uploads\/2025\/10\/regal-dark-blue-bg-1200x675px.webp\" \/>\n\t<meta property=\"og:image:width\" content=\"1200\" \/>\n\t<meta property=\"og:image:height\" content=\"675\" \/>\n\t<meta property=\"og:image:type\" content=\"image\/webp\" \/>\n<meta name=\"twitter:card\" content=\"summary_large_image\" \/>\n<script type=\"application\/ld+json\" class=\"yoast-schema-graph\">{\"@context\":\"https:\/\/schema.org\",\"@graph\":[{\"@type\":\"WebPage\",\"@id\":\"https:\/\/regal.se\/sv\/om-oss\/varumarken\/varumarken-engler\/\",\"url\":\"https:\/\/regal.se\/sv\/om-oss\/varumarken\/varumarken-engler\/\",\"name\":\"Engler | Regal\",\"isPartOf\":{\"@id\":\"https:\/\/regal.se\/sv\/#website\"},\"datePublished\":\"2025-07-11T09:34:40+00:00\",\"dateModified\":\"2026-01-16T08:32:00+00:00\",\"description\":\"V\u00e5r partner Engler \u00e4r en komplett leverant\u00f6r av niv\u00e5- och temperaturgivare samt niv\u00e5vakter. L\u00e4s mer om Engler!\",\"breadcrumb\":{\"@id\":\"https:\/\/regal.se\/sv\/om-oss\/varumarken\/varumarken-engler\/#breadcrumb\"},\"inLanguage\":\"sv-SE\",\"potentialAction\":[{\"@type\":\"ReadAction\",\"target\":[\"https:\/\/regal.se\/sv\/om-oss\/varumarken\/varumarken-engler\/\"]}]},{\"@type\":\"BreadcrumbList\",\"@id\":\"https:\/\/regal.se\/sv\/om-oss\/varumarken\/varumarken-engler\/#breadcrumb\",\"itemListElement\":[{\"@type\":\"ListItem\",\"position\":1,\"name\":\"Home\",\"item\":\"https:\/\/regal.se\/sv\/\"},{\"@type\":\"ListItem\",\"position\":2,\"name\":\"Om oss\",\"item\":\"https:\/\/regal.se\/sv\/om-oss\/\"},{\"@type\":\"ListItem\",\"position\":3,\"name\":\"Varum\u00e4rken och partner\",\"item\":\"https:\/\/regal.se\/sv\/om-oss\/varumarken\/\"},{\"@type\":\"ListItem\",\"position\":4,\"name\":\"Engler\"}]},{\"@type\":\"WebSite\",\"@id\":\"https:\/\/regal.se\/sv\/#website\",\"url\":\"https:\/\/regal.se\/sv\/\",\"name\":\"Regal\",\"description\":\"Sensors Solutions and Electric Drive Systems\",\"publisher\":{\"@id\":\"https:\/\/regal.se\/sv\/#organization\"},\"alternateName\":\"Regal\",\"potentialAction\":[{\"@type\":\"SearchAction\",\"target\":{\"@type\":\"EntryPoint\",\"urlTemplate\":\"https:\/\/regal.se\/sv\/?s={search_term_string}\"},\"query-input\":{\"@type\":\"PropertyValueSpecification\",\"valueRequired\":true,\"valueName\":\"search_term_string\"}}],\"inLanguage\":\"sv-SE\"},{\"@type\":\"Organization\",\"@id\":\"https:\/\/regal.se\/sv\/#organization\",\"name\":\"Regal Components AB\",\"alternateName\":\"Regal\",\"url\":\"https:\/\/regal.se\/sv\/\",\"logo\":{\"@type\":\"ImageObject\",\"inLanguage\":\"sv-SE\",\"@id\":\"https:\/\/regal.se\/sv\/#\/schema\/logo\/image\/\",\"url\":\"https:\/\/regal.se\/wp-content\/uploads\/2025\/10\/orginal-regal-no-box-color-rgb-696x696px.webp\",\"contentUrl\":\"https:\/\/regal.se\/wp-content\/uploads\/2025\/10\/orginal-regal-no-box-color-rgb-696x696px.webp\",\"width\":696,\"height\":696,\"caption\":\"Regal Components AB\"},\"image\":{\"@id\":\"https:\/\/regal.se\/sv\/#\/schema\/logo\/image\/\"},\"sameAs\":[\"https:\/\/www.facebook.com\/regalcompab\",\"https:\/\/www.linkedin.com\/company\/regal-components-ab\/\"]}]}<\/script>\n<!-- \/ Yoast SEO plugin. -->","yoast_head_json":{"title":"Engler | Regal","description":"V\u00e5r partner Engler \u00e4r en komplett leverant\u00f6r av niv\u00e5- och temperaturgivare samt niv\u00e5vakter. L\u00e4s mer om Engler!","robots":{"index":"index","follow":"follow","max-snippet":"max-snippet:-1","max-image-preview":"max-image-preview:large","max-video-preview":"max-video-preview:-1"},"canonical":"https:\/\/regal.se\/sv\/om-oss\/varumarken\/varumarken-engler\/","og_locale":"sv_SE","og_type":"article","og_title":"Engler | Regal","og_description":"V\u00e5r partner Engler \u00e4r en komplett leverant\u00f6r av niv\u00e5- och temperaturgivare samt niv\u00e5vakter. L\u00e4s mer om Engler!","og_url":"https:\/\/regal.se\/sv\/om-oss\/varumarken\/varumarken-engler\/","og_site_name":"Regal","article_publisher":"https:\/\/www.facebook.com\/regalcompab","article_modified_time":"2026-01-16T08:32:00+00:00","og_image":[{"width":1200,"height":675,"url":"https:\/\/regal.se\/wp-content\/uploads\/2025\/10\/regal-dark-blue-bg-1200x675px.webp","type":"image\/webp"}],"twitter_card":"summary_large_image","schema":{"@context":"https:\/\/schema.org","@graph":[{"@type":"WebPage","@id":"https:\/\/regal.se\/sv\/om-oss\/varumarken\/varumarken-engler\/","url":"https:\/\/regal.se\/sv\/om-oss\/varumarken\/varumarken-engler\/","name":"Engler | Regal","isPartOf":{"@id":"https:\/\/regal.se\/sv\/#website"},"datePublished":"2025-07-11T09:34:40+00:00","dateModified":"2026-01-16T08:32:00+00:00","description":"V\u00e5r partner Engler \u00e4r en komplett leverant\u00f6r av niv\u00e5- och temperaturgivare samt niv\u00e5vakter. L\u00e4s mer om Engler!","breadcrumb":{"@id":"https:\/\/regal.se\/sv\/om-oss\/varumarken\/varumarken-engler\/#breadcrumb"},"inLanguage":"sv-SE","potentialAction":[{"@type":"ReadAction","target":["https:\/\/regal.se\/sv\/om-oss\/varumarken\/varumarken-engler\/"]}]},{"@type":"BreadcrumbList","@id":"https:\/\/regal.se\/sv\/om-oss\/varumarken\/varumarken-engler\/#breadcrumb","itemListElement":[{"@type":"ListItem","position":1,"name":"Home","item":"https:\/\/regal.se\/sv\/"},{"@type":"ListItem","position":2,"name":"Om oss","item":"https:\/\/regal.se\/sv\/om-oss\/"},{"@type":"ListItem","position":3,"name":"Varum\u00e4rken och partner","item":"https:\/\/regal.se\/sv\/om-oss\/varumarken\/"},{"@type":"ListItem","position":4,"name":"Engler"}]},{"@type":"WebSite","@id":"https:\/\/regal.se\/sv\/#website","url":"https:\/\/regal.se\/sv\/","name":"Regal","description":"Sensors Solutions and Electric Drive Systems","publisher":{"@id":"https:\/\/regal.se\/sv\/#organization"},"alternateName":"Regal","potentialAction":[{"@type":"SearchAction","target":{"@type":"EntryPoint","urlTemplate":"https:\/\/regal.se\/sv\/?s={search_term_string}"},"query-input":{"@type":"PropertyValueSpecification","valueRequired":true,"valueName":"search_term_string"}}],"inLanguage":"sv-SE"},{"@type":"Organization","@id":"https:\/\/regal.se\/sv\/#organization","name":"Regal Components AB","alternateName":"Regal","url":"https:\/\/regal.se\/sv\/","logo":{"@type":"ImageObject","inLanguage":"sv-SE","@id":"https:\/\/regal.se\/sv\/#\/schema\/logo\/image\/","url":"https:\/\/regal.se\/wp-content\/uploads\/2025\/10\/orginal-regal-no-box-color-rgb-696x696px.webp","contentUrl":"https:\/\/regal.se\/wp-content\/uploads\/2025\/10\/orginal-regal-no-box-color-rgb-696x696px.webp","width":696,"height":696,"caption":"Regal Components AB"},"image":{"@id":"https:\/\/regal.se\/sv\/#\/schema\/logo\/image\/"},"sameAs":["https:\/\/www.facebook.com\/regalcompab","https:\/\/www.linkedin.com\/company\/regal-components-ab\/"]}]}},"_links":{"self":[{"href":"https:\/\/regal.se\/sv\/wp-json\/wp\/v2\/pages\/16434","targetHints":{"allow":["GET"]}}],"collection":[{"href":"https:\/\/regal.se\/sv\/wp-json\/wp\/v2\/pages"}],"about":[{"href":"https:\/\/regal.se\/sv\/wp-json\/wp\/v2\/types\/page"}],"author":[{"embeddable":true,"href":"https:\/\/regal.se\/sv\/wp-json\/wp\/v2\/users\/18"}],"replies":[{"embeddable":true,"href":"https:\/\/regal.se\/sv\/wp-json\/wp\/v2\/comments?post=16434"}],"version-history":[{"count":5,"href":"https:\/\/regal.se\/sv\/wp-json\/wp\/v2\/pages\/16434\/revisions"}],"predecessor-version":[{"id":18109,"href":"https:\/\/regal.se\/sv\/wp-json\/wp\/v2\/pages\/16434\/revisions\/18109"}],"up":[{"embeddable":true,"href":"https:\/\/regal.se\/sv\/wp-json\/wp\/v2\/pages\/4535"}],"wp:attachment":[{"href":"https:\/\/regal.se\/sv\/wp-json\/wp\/v2\/media?parent=16434"}],"curies":[{"name":"wp","href":"https:\/\/api.w.org\/{rel}","templated":true}]}}